{"id":67,"date":"2020-07-05T08:36:51","date_gmt":"2020-07-05T08:36:51","guid":{"rendered":"http:\/\/talismanes-lgp.com\/floria\/?page_id=67"},"modified":"2020-08-06T15:51:48","modified_gmt":"2020-08-06T15:51:48","slug":"quien-soy","status":"publish","type":"page","link":"https:\/\/talismanes-lgp.com\/it\/quien-soy\/","title":{"rendered":"Chi Sono"},"content":{"rendered":"<div class=\"wp-block-image\"><figure class=\"aligncenter size-large\"><img decoding=\"async\" width=\"356\" height=\"267\" src=\"https:\/\/talismanes-lgp.com\/floria\/wp-content\/uploads\/2020\/07\/lety_1.jpg\" alt=\"\" class=\"wp-image-1082\" srcset=\"https:\/\/talismanes-lgp.com\/wp-content\/uploads\/2020\/07\/lety_1.jpg 356w, https:\/\/talismanes-lgp.com\/wp-content\/uploads\/2020\/07\/lety_1-300x225.jpg 300w\" sizes=\"(max-width: 356px) 100vw, 356px\" \/><\/figure><\/div>\n\n\n\n<p>Chi sono?<\/p>\n\n\n\n<p>Sono molto impegantive queste due parole \u201cchi sono\u201d, perch\u00e9 devo spiegare brevemente la mia vita, i miei desideri, il mio cammino, proviamoci...<\/p>\n\n\n\n<p>Sono a nata a Roma il 21 luglio del 1956( per gli amanti dell'astrologia preciso che sono del cancro con ascendente  vergine) da genitori siciliani, ci tengo a fare questa precisazione, quindi diciamo che sono sicula-romana, dal 1983 vivo in Spagna, in questa meravigliosa terra andalusa.<\/p>\n\n\n\n<p>Dalla domenica dell'8 ottobre del 1967, alle 00:50 qualcosa cambi\u00f2 nella mia vita e iniziai a interesarmi<em>\"spontaneamente<\/em>\u201d en la <em>medianicit\u00e0<\/em>. A 11 anni non sapevo nemmeno che esistesse questa parola e ancora meno il profondo significato. \nSta di fatto che spontaneamente, insisto in questo concetto perch\u00e9 non \u00e8 qualcosa che ho desiderato o cercato, iniziai ad avere \u201cintuizioni, premonizioni, visioni\u201d, oggi si definisce<em>Channeling<\/em>\".<\/p>\n\n\n\n<p>All'et\u00e1 di 16 anni conobbi il prof. Corrado S., insegnante di storia e filosofia al liceo scentifico che frequentavo, con cui parlavo liberamente di certe<em>strane<\/em>esperienze che vivevo e mi consigli\u00f3 di parlare con degli esperti in parapsicologia. Dopo varii incontri mi dissero che avevo una forte capacit\u00e1 di recepire messaggi da un'altra dimensione, meglio conosciuto come aldil\u00e0, e sempre spontaneamente. Mi consigliarono di studiare, investigare, praticare e specialmente controllare questa capacit\u00e1, non mi piace definirla \u201cdono\u201d.<\/p>\n\n\n\n<p>Da allora mi sono dedicata a questi studi, ho letto centinaia di testi, che vertevano su argomenti pi\u00f9 disparati, dal tarottismo alla chiromanzia, dall'astrologia al buddismo, dai messaggi dell'aldil\u00e0 alla radiostesia, dagli studi sulla scomparsa Atlantide all'Egittologia, dalla numerologia ai fiori di Bach.\n\nGia dai 16 anni i miei autori pi\u00f9 letti sono stati: Demofilo Fidani, Alan Kardec, Giorgio de Simoni, Cerchio Firenze 77, Paola Giovetti, Giuditta Dembech, Taisha Abelar, Paramahansa Yogananda  e tanti altri.<\/p>\n\n\n\n<p>Ho seguito tanti corsi e seminari tra i pi\u00fa disparati. Ho ottenuto il 6\u00ba livello di Energia Universale in Thailandia, ho seguito l'insegnanza dell'<em> anziano<\/em> chamano di Francisco Bostrom in varii seminari, ho seguito corsi di Fiori di Bach, numerologia, radiostesia e tanti altri che sarebbe troppo lungo elencare.<\/p>\n\n\n\n<p>Dopo tanti anni dedicata a questo genere di studi, una decina di anni iniziai casualmente(?) a studiare quella che \u00e9 definita scienza talismanica o magia<em> talism\u00e1nica<\/em>Purtroppo ancora oggi moltissime persone non conoscono la differenza abismale tra amuleto e talismano e piano piano sto cercando di far rinascere questa scienza, pratica o magia, il nome non interessa, dimenticata da secoli.<\/p>\n\n\n\n<p>Per far s\u00ed ho studiato da autodidatta la Cabala, l'ebreo biblico, il latino gi\u00e1 lo conoscevo bene,cos\u00ed come l'inglese, spagnolo e francese, lingue che mi hanno permesso di leggere testi di varii autori nella loro lingua originale, il simbolismo delle varie religioni, gli antichi testi cabalistici, la litoterapia, o studio e applicazione delle pietre preziose o semipreziose. Ho letto varii<em>\"Grimori<\/em>\", perch\u00e9 per combattere il male bisogna saperlo riconoscere.<\/p>\n\n\n\n<p>A questo proposito vorrei raccontare un fatto che mi ha spinta a studiare ancora di pi\u00fa sia l'angeologia che la demonologia. Stavo navigando per la web quando trovai casualmente (?) una pagina dove si vendevano talismani(?) cabalistici. Prima di tutto erano amuleti e nella definizione allegata ad uno di essi si diceva\u201d taismano per ottenere forza e vincere sui nemici\u201d. Traduco la scritta in ebreo che dominava la medaglia, e vedo che \u00e9 il nome di uno dei demoni che viene usato per distruggere qualsiasi chiesa o luogo di culto dove Dio viene menzionato o venerato, che distrugge la famiglia e che manipola i bimbi affinch\u00e9 creino discordia nelle famiglie.<\/p>\n\n\n\n<p>Quindi reitero che per combattere e sconfiggere tutto ci\u00f3 che va in contro all'amore universale, alla pace, all'armonia, al benessere, bisogna saperlo riconoscere.<\/p>\n\n\n\n<p>Nei miei talismani unifico tutte le conoscenze che ho acquisito in questi 53 anni, da quell'8 ottobre del 1967.\n\nNel disegnare un talismano plasmo la conoscenza, l'esperienza e i ricordi d'infanzia quando i miei genitori possedevano a Roma una gioielleria e io rimanevo ore ed ore incantata davanti a gioielli scintillanti, dove la bellezza del disegno e la perfezione delle gemme creavano un tutto armonioso.<\/p>\n\n\n\n<p>Dedicato a Teresa , mia nonna e Maestra di vita.<\/p>","protected":false},"excerpt":{"rendered":"<p>\u00bfQui\u00e9n soy? \u201cQui\u00e9n soy\u201d son dos palabras que esconden un desafiante rompecabezas, compuesto por mi vida, mis deseos y mi camino, que intentaremos resolver. Nac\u00ed&hellip; <\/p>\n<p><a href=\"https:\/\/talismanes-lgp.com\/it\/quien-soy\/\" class=\"more-link\">Continue reading &rarr; <span class=\"screen-reader-text\">Chi Sono<\/span><\/a><\/p>","protected":false},"author":2,"featured_media":0,"parent":0,"menu_order":0,"comment_status":"closed","ping_status":"closed","template":"","meta":{"jetpack_post_was_ever_published":false,"footnotes":""},"jetpack_sharing_enabled":true,"_links":{"self":[{"href":"https:\/\/talismanes-lgp.com\/it\/wp-json\/wp\/v2\/pages\/67"}],"collection":[{"href":"https:\/\/talismanes-lgp.com\/it\/wp-json\/wp\/v2\/pages"}],"about":[{"href":"https:\/\/talismanes-lgp.com\/it\/wp-json\/wp\/v2\/types\/page"}],"author":[{"embeddable":true,"href":"https:\/\/talismanes-lgp.com\/it\/wp-json\/wp\/v2\/users\/2"}],"replies":[{"embeddable":true,"href":"https:\/\/talismanes-lgp.com\/it\/wp-json\/wp\/v2\/comments?post=67"}],"version-history":[{"count":1,"href":"https:\/\/talismanes-lgp.com\/it\/wp-json\/wp\/v2\/pages\/67\/revisions"}],"predecessor-version":[{"id":1222,"href":"https:\/\/talismanes-lgp.com\/it\/wp-json\/wp\/v2\/pages\/67\/revisions\/1222"}],"wp:attachment":[{"href":"https:\/\/talismanes-lgp.com\/it\/wp-json\/wp\/v2\/media?parent=67"}],"curies":[{"name":"wp","href":"https:\/\/api.w.org\/{rel}","templated":true}]}}