{"id":67,"date":"2020-07-05T08:36:51","date_gmt":"2020-07-05T08:36:51","guid":{"rendered":"http:\/\/talismanes-lgp.com\/floria\/?page_id=67"},"modified":"2020-08-06T15:51:48","modified_gmt":"2020-08-06T15:51:48","slug":"quien-soy","status":"publish","type":"page","link":"https:\/\/talismanes-lgp.com\/es\/quien-soy\/","title":{"rendered":"Qui\u00e9n Soy"},"content":{"rendered":"\n<div class=\"wp-block-image\"><figure class=\"aligncenter size-large\"><img decoding=\"async\" width=\"356\" height=\"267\" src=\"https:\/\/talismanes-lgp.com\/floria\/wp-content\/uploads\/2020\/07\/lety_1.jpg\" alt=\"\" class=\"wp-image-1082\" srcset=\"https:\/\/talismanes-lgp.com\/wp-content\/uploads\/2020\/07\/lety_1.jpg 356w, https:\/\/talismanes-lgp.com\/wp-content\/uploads\/2020\/07\/lety_1-300x225.jpg 300w\" sizes=\"(max-width: 356px) 100vw, 356px\" \/><\/figure><\/div>\n\n\n\n<p>\u00bfQui\u00e9n soy?<\/p>\n\n\n\n<p>\u201cQui\u00e9n soy\u201d son dos palabras que esconden un desafiante rompecabezas, compuesto por mi vida, mis deseos y mi camino, que intentaremos resolver.<\/p>\n\n\n\n<p>Nac\u00ed en Roma el 21 de julio de 1956, c\u00e1ncer con ascendente virgo para aquellos interesados en la astrolog\u00eda, hija de padres sicilianos, por lo que me he considerado siempre siciliana y romana, perteneciente a las dos  tierras. Desde 1983 vivo en Espa\u00f1a, en la maravillosa tierra de Andaluc\u00eda.<\/p>\n\n\n\n<p>La noche del 8 de octubre de 1967, un domingo a las 00:50 para ser m\u00e1s precisos, algo cambi\u00f3 en mi vida. A partir de ese momento empec\u00e9 a interesarme de forma \u201c<em>espont\u00e1nea<\/em>\u201d en la <em>mediumnidad<\/em>. Con tan solo 11 a\u00f1os no conoc\u00eda ni la existencia de esta palabra ni su profundo y complejo significado, pero eso no evit\u00f3 que empezara a tener \u201cintuiciones\u201d, \u201cpremoniciones\u201d y \u201cvisiones\u201d de forma, y esto es importante recalcarlo, espont\u00e1nea. Esto es lo que hoy en d\u00eda se define como \u201c<em>Channelling<\/em>\u201d.<\/p>\n\n\n\n<p>Con 16 a\u00f1os conoc\u00ed al profesor Corrado S., que impart\u00eda historia y filosof\u00eda en el instituto al cual yo atend\u00eda. Hablaba sin tapujos con \u00e9l acerca de las \u201c<em>extra\u00f1as<\/em>\u201d experiencias que estaba viviendo, y me aconsej\u00f3 que hablara con expertos en parapsicolog\u00eda. Despu\u00e9s de varias reuniones, me comunicaron que ten\u00eda una fuerte capacidad a la hora de recibir mensajes de otra dimensi\u00f3n, o para ser m\u00e1s claros, el m\u00e1s all\u00e1. Me aconsejaron adem\u00e1s que estudiara, investigara, practicara y controlara esta capacidad.<\/p>\n\n\n\n<p>A partir de ese momento me dediqu\u00e9 a estos estudios, leyendo cientos de textos de dispar tem\u00e1tica, como el tarot, la quiromancia, la astrolog\u00eda, el budismo, los mensajes del m\u00e1s de all\u00e1, la radiestesia, etc. Asimismo, le\u00eda con avidez las obras de Dem\u00f3filo Filani, Alan Kardec, Giorgio de Simoni, Cerchio Firenze 77, Paola Giovetti, Giuditta Dembech, Taisha Abelar, Paramahansa Yogananda, y muchos otros autores.<\/p>\n\n\n\n<p>Asimismo, he asistido a muchos cursos y seminarios igual de dispares, obteniendo el 6\u00ba nivel de Energ\u00eda Universal en Tailandia, siguiendo las ense\u00f1anzas del<em> anciano<\/em> cham\u00e1n maestro de Francisco Bostrom, cursos de Flores de Bach, numerolog\u00eda, radiestesia, psicobern\u00e9tica esenios y muchos otros.<\/p>\n\n\n\n<p>Despu\u00e9s de tantos a\u00f1os dedicada a estudiar este tipo de materias, empec\u00e9 a estudiar hace una decena de a\u00f1os la ciencia o magia<em> talism\u00e1nica<\/em>. Pronto descubr\u00ed que, a d\u00eda de hoy, much\u00edsimas personas no  reconocen la enorme diferencia existente entre un talism\u00e1n y un amuleto, motivo por el cual estoy tratando de hacer renacer esta ciencia que ha sido olvidada durante siglos.<\/p>\n\n\n\n<p>Para ello he estudiado, de forma autodidacta, todo lo relativo a la C\u00e1bala, la geometr\u00eda sagrada y el hebreo b\u00edblico. Tengo la suerte de haber estudiado profundamente el lat\u00edn y hablo ingl\u00e9s, castellano y franc\u00e9s, pudiendo as\u00ed  leer las obras de varios autores que escrib\u00edan en las mencionadas lenguas. Tambi\u00e9n he estudiado acerca del simbolismo de las religiones, los antiguos textos cabal\u00edsticos y la litoterapia, estudio y aplicaci\u00f3n de piedras preciosas o semipreciosas. Tambi\u00e9n he le\u00eddo varios \u201c<em>Grimori<\/em>\u201d, puesto que hay que conocer al mal para poder reconocerlo y combatirlo.<\/p>\n\n\n\n<p>En este \u00faltimo caso hubo un elemento de gran importancia que me hizo interesar de sobremanera en el estudio de los \u00e1ngeles y los demonios. Navegando por Internet me cruc\u00e9 de forma accidental con una p\u00e1gina web que vend\u00eda talismanes cabal\u00edsticos. En dicha p\u00e1gina me di cuenta de que, en realidad, se vend\u00edan amuletos, cuya definici\u00f3n asociada rezaba lo siguiente: \u201cTalism\u00e1n para ganar fuerza y vencer a los enemigos\u201d. Los amuletos contaban adem\u00e1s con una inscripci\u00f3n en hebreo cuya traducci\u00f3n era el nombre de un demonio que se emplea para destruir cualquier lugar de culto donde se menciona o venera a Dios. Tambi\u00e9n es un demonio utilizado para destruir familias y manipular a los ni\u00f1os para sembrar discordia.<\/p>\n\n\n\n<p>Reitero por tanto que es vital reconocer todo aquello que trata de luchar contra el amor universal, la paz, la armon\u00eda y el bienestar para poder vencer.<\/p>\n\n\n\n<p>En mis talismanes re\u00fano todo el conocimiento adquirido desde aquel 8 de octubre de 1967, dando forma a mis conocimientos, mis experiencias y mis recuerdos de la infancia, cuando permanec\u00eda encandilada durante a\u00f1os observando las joyas brillantes de la joyer\u00eda de mis padres en Roma, admirando su perfecto dise\u00f1o, su belleza, y el \u00e1urea armoniosa que irradiaban.<\/p>\n\n\n\n<p>Dedicado a Teresa, mi abuela y maestra de vida.<\/p>\n","protected":false},"excerpt":{"rendered":"<p>\u00bfQui\u00e9n soy? \u201cQui\u00e9n soy\u201d son dos palabras que esconden un desafiante rompecabezas, compuesto por mi vida, mis deseos y mi camino, que intentaremos resolver. Nac\u00ed&hellip; <\/p>\n<p><a href=\"https:\/\/talismanes-lgp.com\/es\/quien-soy\/\" class=\"more-link\">Continue reading &rarr; <span class=\"screen-reader-text\">Qui\u00e9n Soy<\/span><\/a><\/p>\n","protected":false},"author":2,"featured_media":0,"parent":0,"menu_order":0,"comment_status":"closed","ping_status":"closed","template":"","meta":{"jetpack_post_was_ever_published":false,"footnotes":""},"jetpack_sharing_enabled":true,"_links":{"self":[{"href":"https:\/\/talismanes-lgp.com\/es\/wp-json\/wp\/v2\/pages\/67"}],"collection":[{"href":"https:\/\/talismanes-lgp.com\/es\/wp-json\/wp\/v2\/pages"}],"about":[{"href":"https:\/\/talismanes-lgp.com\/es\/wp-json\/wp\/v2\/types\/page"}],"author":[{"embeddable":true,"href":"https:\/\/talismanes-lgp.com\/es\/wp-json\/wp\/v2\/users\/2"}],"replies":[{"embeddable":true,"href":"https:\/\/talismanes-lgp.com\/es\/wp-json\/wp\/v2\/comments?post=67"}],"version-history":[{"count":1,"href":"https:\/\/talismanes-lgp.com\/es\/wp-json\/wp\/v2\/pages\/67\/revisions"}],"predecessor-version":[{"id":1222,"href":"https:\/\/talismanes-lgp.com\/es\/wp-json\/wp\/v2\/pages\/67\/revisions\/1222"}],"wp:attachment":[{"href":"https:\/\/talismanes-lgp.com\/es\/wp-json\/wp\/v2\/media?parent=67"}],"curies":[{"name":"wp","href":"https:\/\/api.w.org\/{rel}","templated":true}]}}